{"id":14,"date":"2013-09-26T19:41:45","date_gmt":"2013-09-26T19:41:45","guid":{"rendered":"http:\/\/www.reciclajecuartaregion.cl\/portal\/?page_id=14"},"modified":"2013-09-26T19:41:45","modified_gmt":"2013-09-26T19:41:45","slug":"las-tres-r","status":"publish","type":"page","link":"https:\/\/www.reciclajecuartaregion.cl\/portal\/el-reciclaje\/las-tres-r\/","title":{"rendered":"Las Tres R"},"content":{"rendered":"<p><b>REDUCIR, REUTILIZAR, RECICLAR y EVITAR<\/b><b>.<\/b><\/p>\n<p>Si queremos aire limpio, bosques llenos de animales, plantas y mares habitados por ballenas y otros seres vivos que son fuente de alimento para muchas especies, incluido el ser humano, tenemos que cumplir la ley de las 3 \u201cR\u201d: Reducir, Reutilizar y Reciclar. Y no olvides la \u201cE\u201d de Evitar.<\/p>\n<p><b>REDUCE<\/b><\/p>\n<p>Para darle un respiro a nuestro planeta tenemos que reducir la cantidad de productos que consumimos. No olvides que para fabricar todo lo que utilizamos necesitamos materias primas, agua, energ\u00eda, minerales \u2026 que pueden agotarse o tardar much\u00edsimo tiempo en renovarse.<\/p>\n<p><b>REUTILIZA<\/b><\/p>\n<p>Cuantos m\u00e1s objetos volvamos a utilizar menos basura produciremos y menos recursos tendremos que gastar. -Reciclar. Se trata de volver a utilizar materiales &#8211; como el papel o el vidrio &#8211; para fabricar de nuevo productos parecidos &#8211; folios, botellas, etc.<\/p>\n<p><b>RECICLA<\/b><\/p>\n<p>Esta \u201cR\u201d (Reciclar) debe ser la \u00faltima que pongamos en marcha. Por delante deben ir las otras dos (Reducir y Reutilizar).<\/p>\n<p>El papel y el cart\u00f3n, el vidrio y los restos de comida o materia org\u00e1nica pueden reciclarse sin problemas. Para esto, hay que separar cada residuo en diferentes contenedores.<\/p>\n<p><b>EVITA<\/b><\/p>\n<p>Evitar: si dejamos de comprar y utilizar este tipo de productos da\u00f1inos para el medio ambiente y empezamos a pedir productos que respeten m\u00e1s la naturaleza, consuman menos energ\u00eda y puedan reutilizarse o reciclarse, la industria y los comerciantes tendr\u00e1n que empezar a cambiar. \u00a1En nuestra mano est\u00e1 conseguirlo!.<\/p>\n","protected":false},"excerpt":{"rendered":"<p>REDUCIR, REUTILIZAR, RECICLAR y EVITAR. Si queremos aire limpio, bosques llenos de animales, plantas y mares habitados por ballenas y otros seres vivos que son fuente de alimento para muchas especies, incluido el ser&#46;&#46;&#46;<\/p>\n","protected":false},"author":1,"featured_media":0,"parent":10,"menu_order":0,"comment_status":"closed","ping_status":"closed","template":"","meta":{"footnotes":""},"class_list":["post-14","page","type-page","status-publish","hentry"],"_links":{"self":[{"href":"https:\/\/www.reciclajecuartaregion.cl\/portal\/wp-json\/wp\/v2\/pages\/14","targetHints":{"allow":["GET"]}}],"collection":[{"href":"https:\/\/www.reciclajecuartaregion.cl\/portal\/wp-json\/wp\/v2\/pages"}],"about":[{"href":"https:\/\/www.reciclajecuartaregion.cl\/portal\/wp-json\/wp\/v2\/types\/page"}],"author":[{"embeddable":true,"href":"https:\/\/www.reciclajecuartaregion.cl\/portal\/wp-json\/wp\/v2\/users\/1"}],"replies":[{"embeddable":true,"href":"https:\/\/www.reciclajecuartaregion.cl\/portal\/wp-json\/wp\/v2\/comments?post=14"}],"version-history":[{"count":1,"href":"https:\/\/www.reciclajecuartaregion.cl\/portal\/wp-json\/wp\/v2\/pages\/14\/revisions"}],"predecessor-version":[{"id":15,"href":"https:\/\/www.reciclajecuartaregion.cl\/portal\/wp-json\/wp\/v2\/pages\/14\/revisions\/15"}],"up":[{"embeddable":true,"href":"https:\/\/www.reciclajecuartaregion.cl\/portal\/wp-json\/wp\/v2\/pages\/10"}],"wp:attachment":[{"href":"https:\/\/www.reciclajecuartaregion.cl\/portal\/wp-json\/wp\/v2\/media?parent=14"}],"curies":[{"name":"wp","href":"https:\/\/api.w.org\/{rel}","templated":true}]}}